{"id":808,"date":"2016-12-08T11:41:14","date_gmt":"2016-12-08T10:41:14","guid":{"rendered":"http:\/\/www.nextfem.it\/it\/?page_id=808"},"modified":"2017-10-21T17:45:25","modified_gmt":"2017-10-21T16:45:25","slug":"tool-per-opensees","status":"publish","type":"page","link":"https:\/\/www.nextfem.it\/it\/tool-per-opensees\/","title":{"rendered":"Tool per OpenSees"},"content":{"rendered":"<p>Insieme a NextFEM Designer viene fornita una raccolta di <span style=\"text-decoration: underline;\"> procedure per <a href=\"http:\/\/opensees.berkeley.edu\/OpenSees\/user\/download.php\" target=\"_blank\">OpenSees<\/a><\/span> nel file &#8220;procedureXXX.tcl&#8221; nella cartella del programma.<\/p>\n<p><a href=\"http:\/\/www.nextfem.it\/it\/pre-e-post-processore-per-opensees\/\">Manuale per pre- e post-processing con OpenSees<\/a><br \/>\n<a href=\"http:\/\/www.nextfem.it\/it\/rspectrum-manual\/\">Manuale per la libreria di analisi con spettro di risposta &#8211; dinamica modale<\/a><\/p>\n<p><strong>Analisi dinamica modale per OpenSees<\/strong><br \/>\nPer eseguire un&#8217;analisi con spettro di risposta sui risultati di un&#8217;analisi modale, usa il seguente comando:<\/p>\n<p><em>dynModal $numModes $spectrum $patternID $comb $csi $dir1 $dir2 $dir3<\/em><\/p>\n<p>dove <em>$numModes<\/em> \u00e8 il numero di modi di vibrare da combinare, <em>$spectrum<\/em> \u00e8 il nome del file contenente i punti dello spettro, <em>$patternID<\/em> \u00e8 un pattern ID libero da usare per eseguire le analisi statiche lineari interne, <em>$comb<\/em> permette di scegliere tra il metodo di combinazione modale SRSS e il metodo CQC, <em>$csi<\/em> \u00e8 il fattore di smorzamento da usare nel calcolo dei coefficienti di correlazione del metodo CQC.<br \/>\nGli ultimi tre parametri (<em>$dir1<\/em>, <em>$dir2<\/em>, <em>$dir3<\/em>), che possono assumere i valori 0 o 1, servono a specificare le direzioni associate allo spettro.<\/p>\n<p>32 bit &#8211; <div class=\"sdm_download_button_box_default\"><div class=\"sdm_download_link\"><a href=\"https:\/\/www.nextfem.it\/it\/?sdm_process_download=1&download_id=810\" class=\"sdm_download grey\" title=\"rSpectrum for OpenSees 32bit\" >Download<\/a><\/div><\/div><\/p>\n<p>64 bit &#8211; <div class=\"sdm_download_button_box_default\"><div class=\"sdm_download_link\"><a href=\"https:\/\/www.nextfem.it\/it\/?sdm_process_download=1&download_id=824\" class=\"sdm_download grey\" title=\"rSpectrum for OpenSees 64bit\" >Download<\/a><\/div><\/div><\/p>\n<p><strong>UmfPack2 solver for OpenSees<\/strong><br \/>\nVersione beta. Solver esterno per OpenSees (tutte le versioni) miglioramento di quello UmfPack integrato. Miglioramento di velocit\u00e0 e uso della memoria fino al 70{5a176459ebb21c7db04e1d54db71de5ad0d418e61311d8e26be2f946fdfb3764}; non c&#8217;\u00e8 pi\u00f9 nessuna necessit\u00e0 di settare il parametro LValueFact. Testato con OpenSees 2.4.6. Utilizzo all&#8217;interno di script Tcl:<br \/>\n<em>system umfpack2<\/em><\/p>\n<p>32 bit &#8211; <div class=\"sdm_download_button_box_default\"><div class=\"sdm_download_link\"><a href=\"https:\/\/www.nextfem.it\/it\/?sdm_process_download=1&download_id=205\" class=\"sdm_download grey\" title=\"UmfPack2 for OpenSees 32bit\" >Download<\/a><\/div><\/div><\/p>\n<p>64 bit &#8211; <div class=\"sdm_download_button_box_default\"><div class=\"sdm_download_link\"><a href=\"https:\/\/www.nextfem.it\/it\/?sdm_process_download=1&download_id=259\" class=\"sdm_download grey\" title=\"UmfPack2 for OpenSees 64bit\" >Download<\/a><\/div><\/div><\/p>\n","protected":false},"excerpt":{"rendered":"<p>Insieme a NextFEM Designer viene fornita una raccolta di procedure per OpenSees nel file &#8220;procedureXXX.tcl&#8221; nella cartella del programma. Manuale per pre- e post-processing con OpenSees Manuale per la libreria &#8230;<\/p>\n","protected":false},"author":136,"featured_media":0,"parent":0,"menu_order":0,"comment_status":"closed","ping_status":"closed","template":"","meta":{"_bbp_topic_count":0,"_bbp_reply_count":0,"_bbp_total_topic_count":0,"_bbp_total_reply_count":0,"_bbp_voice_count":0,"_bbp_anonymous_reply_count":0,"_bbp_topic_count_hidden":0,"_bbp_reply_count_hidden":0,"_bbp_forum_subforum_count":0,"footnotes":""},"class_list":["post-808","page","type-page","status-publish","hentry"],"_links":{"self":[{"href":"https:\/\/www.nextfem.it\/it\/wp-json\/wp\/v2\/pages\/808","targetHints":{"allow":["GET"]}}],"collection":[{"href":"https:\/\/www.nextfem.it\/it\/wp-json\/wp\/v2\/pages"}],"about":[{"href":"https:\/\/www.nextfem.it\/it\/wp-json\/wp\/v2\/types\/page"}],"author":[{"embeddable":true,"href":"https:\/\/www.nextfem.it\/it\/wp-json\/wp\/v2\/users\/136"}],"replies":[{"embeddable":true,"href":"https:\/\/www.nextfem.it\/it\/wp-json\/wp\/v2\/comments?post=808"}],"version-history":[{"count":0,"href":"https:\/\/www.nextfem.it\/it\/wp-json\/wp\/v2\/pages\/808\/revisions"}],"wp:attachment":[{"href":"https:\/\/www.nextfem.it\/it\/wp-json\/wp\/v2\/media?parent=808"}],"curies":[{"name":"wp","href":"https:\/\/api.w.org\/{rel}","templated":true}]}}