{"id":1855,"date":"2019-04-12T09:52:03","date_gmt":"2019-04-12T08:52:03","guid":{"rendered":"https:\/\/www.nextfem.it\/it\/?page_id=1855"},"modified":"2019-04-12T09:52:05","modified_gmt":"2019-04-12T08:52:05","slug":"termini-e-condizioni","status":"publish","type":"page","link":"https:\/\/www.nextfem.it\/it\/termini-e-condizioni\/","title":{"rendered":"Termini e condizioni"},"content":{"rendered":"\n<p><strong>Si prega di leggere attentamente i seguenti termini e condizioni: <\/strong><\/p>\n<p>Accedendo, leggendo e utilizzando il sito web di NEXTFEM (&#8220;NextFEM&#8221; e &#8220;Sito NEXTFEM&#8221;), l&#8217;utente accetta di essere vincolato da questi termini e condizioni. Il contenuto del sito NEXTFEM, compresi i seguenti termini e condizioni, \u00e8 soggetto a modifiche e aggiornamenti regolari. L\u2019utente \u00e8 vincolato alla versione pi\u00f9 aggiornata dei termini e delle condizioni ed \u00e8 tenuto a consultare questo disclaimer ogni volta che accede al sito NEXTFEM.<\/p>\n<p><strong>Nessuna garanzia o dichiarazione, nessun consiglio professionale. <\/strong><\/p>\n<p>Lo scopo del sito NEXTFEM \u00e8 quello di fornire informazioni su NEXTFEM, i suoi servizi e le sue offerte. NEXTFEM fa tutto il possibile per garantire l&#8217;accuratezza del sito NEXTFEM. Tuttavia, \u00e8 possibile che il sito NEXTFEM sia incompleto o non aggiornato per un breve periodo di tempo. NEXTFEM non garantisce che le singole parti del sito NEXTFEM funzionino in modo impeccabile, siano prive di errori o prive di virus. Tutto sul sito NEXTFEM viene fornito all&#8217;utente &#8220;cos\u00ec com&#8217;\u00e8&#8221; e n\u00e9 NEXTFEM n\u00e9 i suoi dipendenti accettano alcuna garanzia in merito all&#8217;accuratezza, adeguatezza o completezza dei contenuti della pagina. Nessuna garanzia o rappresentazione di alcun tipo, implicita, esplicita o statutaria, viene fornita in relazione alle informazioni e ai servizi descritti sul sito NEXTFEM. Nell&#8217;accesso al sito NEXTFEM, non vengono stabiliti consulenze o altri rapporti professionali n\u00e9 NEXTFEM n\u00e9 i suoi dipendenti sono, in connessione con il sito NEXTFEM, impegnati a fornire qualsiasi servizio o consulenza professionale.<\/p>\n<p><strong>Limitazione di responsabilit\u00e0<\/strong><\/p>\n<p>NEXTFEM non sar\u00e0 responsabile per qualsiasi danno diretto, indiretto o consequenziale che possa insorgere in qualsiasi modo agli utenti e\/o a terze parti in relazione all&#8217;uso del World Wide Web e\/o del sito NEXTFEM a causa dell&#8217;utilizzo di software, informazioni o materiali dal sito NEXTFEM o tramite accesso tramite link ad altri siti Web. Il presente disclaimer si applica anche agli errori e\/o alla possibile non conformit\u00e0 ai requisiti legali. NEXTFEM declina espressamente qualsiasi responsabilit\u00e0 per guasti del World Wide Web di qualsiasi tipo (perdita di dati, virus, ecc.) e per uso improprio da parte di terzi (visualizzazione di dati non autorizzati, copia, ecc.). L&#8217;utente si assume la piena responsabilit\u00e0 e il rischio per l&#8217;uso delle informazioni sul sito NEXTFEM.<\/p>\n<p><strong>Collegamento ad altri siti Web<\/strong><\/p>\n<p>I collegamenti sul sito NEXTFEM possono rimandare ad altri server\/pagine del World Wide Web non gestiti da NEXTFEM. Tali indirizzi Internet esterni contengono informazioni create, pubblicate, mantenute e\/o rese disponibili da organizzazioni e persone fisiche o giuridiche legalmente indipendenti da NEXTFEM. I contenuti di questi server\/pagine non sono controllati n\u00e9 controllati da NEXTFEM. NEXTFEM non \u00e8 responsabile per il contenuto di questi server\/pagine e non rilascia alcuna garanzia o dichiarazione in merito all&#8217;accuratezza, idoneit\u00e0 o altro aspetto delle informazioni contenute su tali server\/pagine esterni.<\/p>\n<p><strong>Propriet\u00e0 di marchi, loghi e diritti di propriet\u00e0 intellettuale<\/strong><\/p>\n<p>Tutti gli elementi del sito NEXTFEM sono protetti da copyright e appartengono esclusivamente a NEXTFEM. La modifica di queste pagine \u00e8 vietata. Download, stampa, copia e memorizzazione del contenuto del sito NEXTFEM, in tutto o in parte, pu\u00f2 essere concesso solo per uso privato. Tutti gli elementi sono liberamente utilizzabili solo a scopo di esplorazione. La riproduzione totale o parziale, per via elettronica o di altro tipo, la diffusione, la modifica, il collegamento o l&#8217;uso per scopi pubblici o commerciali \u00e8 vietata senza il previo consenso espresso e scritto di NEXTFEM. Il nome &#8220;NEXTFEM&#8221;, i nomi dei prodotti e servizi di NEXTFEM nonch\u00e9 I loghi di NEXTFEM e le loro parti sono propriet\u00e0 di NEXTFEM. Le note sul copyright, sui marchi e altri avvisi di propriet\u00e0 non devono essere modificati o rimossi. Salvando o altrimenti copiando software o altri dati da\/verso il sito NEXTFEM, le rispettive condizioni d&#8217;uso si considerano accettate. Sono esclusi i diritti d&#8217;autore di terze parti.<\/p>\n<p>&nbsp;<\/p>\n<p>Copyright \u00a9 2018, NEXTFEM<\/p>\n","protected":false},"excerpt":{"rendered":"<p>Si prega di leggere attentamente i seguenti termini e condizioni: Accedendo, leggendo e utilizzando il sito web di NEXTFEM (&#8220;NextFEM&#8221; e &#8220;Sito NEXTFEM&#8221;), l&#8217;utente accetta di essere vincolato da questi &#8230;<\/p>\n","protected":false},"author":136,"featured_media":0,"parent":0,"menu_order":0,"comment_status":"closed","ping_status":"closed","template":"","meta":{"_bbp_topic_count":0,"_bbp_reply_count":0,"_bbp_total_topic_count":0,"_bbp_total_reply_count":0,"_bbp_voice_count":0,"_bbp_anonymous_reply_count":0,"_bbp_topic_count_hidden":0,"_bbp_reply_count_hidden":0,"_bbp_forum_subforum_count":0,"footnotes":""},"class_list":["post-1855","page","type-page","status-publish","hentry"],"_links":{"self":[{"href":"https:\/\/www.nextfem.it\/it\/wp-json\/wp\/v2\/pages\/1855","targetHints":{"allow":["GET"]}}],"collection":[{"href":"https:\/\/www.nextfem.it\/it\/wp-json\/wp\/v2\/pages"}],"about":[{"href":"https:\/\/www.nextfem.it\/it\/wp-json\/wp\/v2\/types\/page"}],"author":[{"embeddable":true,"href":"https:\/\/www.nextfem.it\/it\/wp-json\/wp\/v2\/users\/136"}],"replies":[{"embeddable":true,"href":"https:\/\/www.nextfem.it\/it\/wp-json\/wp\/v2\/comments?post=1855"}],"version-history":[{"count":0,"href":"https:\/\/www.nextfem.it\/it\/wp-json\/wp\/v2\/pages\/1855\/revisions"}],"wp:attachment":[{"href":"https:\/\/www.nextfem.it\/it\/wp-json\/wp\/v2\/media?parent=1855"}],"curies":[{"name":"wp","href":"https:\/\/api.w.org\/{rel}","templated":true}]}}