{"id":1361,"date":"2018-07-24T08:58:46","date_gmt":"2018-07-24T07:58:46","guid":{"rendered":"https:\/\/www.nextfem.it\/it\/?page_id=1361"},"modified":"2018-07-24T08:59:36","modified_gmt":"2018-07-24T07:59:36","slug":"informativa-sulla-privacy","status":"publish","type":"page","link":"https:\/\/www.nextfem.it\/it\/informativa-sulla-privacy\/","title":{"rendered":"Informativa sulla privacy"},"content":{"rendered":"<p>Per NextFEM, proteggere la tua privacy \u00e8 di primaria importanza.<\/p>\n<p>1. Uso del sito di NextFEM<\/p>\n<p><a class=\"iubenda-white iubenda-embed \" title=\"Privacy Policy\" href=\"https:\/\/www.iubenda.com\/privacy-policy\/63433372\">Privacy Policy<\/a> <script type=\"text\/javascript\">(function (w,d) {var loader = function () {var s = d.createElement(\"script\"), tag = d.getElementsByTagName(\"script\")[0]; s.src=\"https:\/\/cdn.iubenda.com\/iubenda.js\"; tag.parentNode.insertBefore(s,tag);}; if(w.addEventListener){w.addEventListener(\"load\", loader, false);}else if(w.attachEvent){w.attachEvent(\"onload\", loader);}else{w.onload = loader;}})(window, document);<\/script><\/p>\n<p>Usiamo i cookie per tener traccia della tua visita e per ricordare le importazioni del tuo profilo. Per scoprire di pi\u00f9 sui cookie, e come bloccarli, visita <a href=\"http:\/\/www.aboutcookies.org\/\">http:\/\/www.aboutcookies.org\/<\/a>.<\/p>\n<p>2. Uso dei programmi di NextFEM<\/p>\n<p>Utilizzando i programmi di NextFEM, acconsenti alla raccolta dei seguenti dati:<br \/>\n&#8211; il tuo nome utente sul sito nextfem.it, solo per spedirti la licenza o quando invii un modello al cloud;<br \/>\n&#8211; il tuo modello NextFEM, quando invii un file al cloud.<\/p>\n<p>Le tue informazioni, pubbliche o private, non saranno vendute n\u00e8 scambiate n\u00e8 trasferite n\u00e8 cedute ad altre compagnie per nessuna ragione senza il tuo consenso, e saranno utilizzate allo scopo di fornirti il prodotto acquistato o il servizio richiesto.<br \/>\nNon vendiamo n\u00e8 scambiamo n\u00e8 trasferiamo all&#8217;esterno le tue informazioni di identificazione personale. Potremmo rilasciarle solo nei casi in cui lo riteniamo necessario per rispettare la legge o proteggere i nostri o altri diritti, propriet\u00e0 o sicurezza.<span style=\"display: inline-block; width: 0px; overflow: hidden; line-height: 0;\" data-mce-type=\"bookmark\" class=\"mce_SELRES_start\">\ufeff<\/span><br \/>\n<span style=\"display: inline-block; width: 0px; overflow: hidden; line-height: 0;\" data-mce-type=\"bookmark\" class=\"mce_SELRES_end\">\ufeff<\/span><br \/>\nUtilizzando i programmi NextFEM o il nostro sito, acconsenti alla nostra informativa sulla privacy, pubblicata su https:\/\/www.nextfem.it\/it\/privacy-policy\/.<\/p>\n","protected":false},"excerpt":{"rendered":"<p>Per NextFEM, proteggere la tua privacy \u00e8 di primaria importanza. 1. Uso del sito di NextFEM Privacy Policy Usiamo i cookie per tener traccia della tua visita e per ricordare &#8230;<\/p>\n","protected":false},"author":136,"featured_media":0,"parent":0,"menu_order":0,"comment_status":"closed","ping_status":"closed","template":"","meta":{"_bbp_topic_count":0,"_bbp_reply_count":0,"_bbp_total_topic_count":0,"_bbp_total_reply_count":0,"_bbp_voice_count":0,"_bbp_anonymous_reply_count":0,"_bbp_topic_count_hidden":0,"_bbp_reply_count_hidden":0,"_bbp_forum_subforum_count":0,"footnotes":""},"class_list":["post-1361","page","type-page","status-publish","hentry"],"_links":{"self":[{"href":"https:\/\/www.nextfem.it\/it\/wp-json\/wp\/v2\/pages\/1361","targetHints":{"allow":["GET"]}}],"collection":[{"href":"https:\/\/www.nextfem.it\/it\/wp-json\/wp\/v2\/pages"}],"about":[{"href":"https:\/\/www.nextfem.it\/it\/wp-json\/wp\/v2\/types\/page"}],"author":[{"embeddable":true,"href":"https:\/\/www.nextfem.it\/it\/wp-json\/wp\/v2\/users\/136"}],"replies":[{"embeddable":true,"href":"https:\/\/www.nextfem.it\/it\/wp-json\/wp\/v2\/comments?post=1361"}],"version-history":[{"count":0,"href":"https:\/\/www.nextfem.it\/it\/wp-json\/wp\/v2\/pages\/1361\/revisions"}],"wp:attachment":[{"href":"https:\/\/www.nextfem.it\/it\/wp-json\/wp\/v2\/media?parent=1361"}],"curies":[{"name":"wp","href":"https:\/\/api.w.org\/{rel}","templated":true}]}}